{"id":10,"date":"2012-01-05T16:45:40","date_gmt":"2012-01-05T16:45:40","guid":{"rendered":"http:\/\/www.waltz-fotos.de\/?page_id=10"},"modified":"2019-01-12T16:03:42","modified_gmt":"2019-01-12T16:03:42","slug":"impressum","status":"publish","type":"page","link":"https:\/\/www.waltz-fotos.de\/?page_id=10","title":{"rendered":"Impressum"},"content":{"rendered":"<p>Hermann Waltz<br \/>\nWiesenstra\u00dfe 17<br \/>\n86720 N\u00f6rdlingen<\/p>\n<p>mobil 0170 &#8211; 8694074<\/p>\n<p>info (at) waltz-fotos.de<\/p>\n<p>Keinerlei Haftung f\u00fcr externe links.<\/p>\n","protected":false},"excerpt":{"rendered":"<p>Hermann Waltz Wiesenstra\u00dfe 17 86720 N\u00f6rdlingen mobil 0170 &#8211; 8694074 info (at) waltz-fotos.de Keinerlei Haftung f\u00fcr externe links.<\/p>\n","protected":false},"author":1,"featured_media":0,"parent":0,"menu_order":0,"comment_status":"closed","ping_status":"open","template":"","meta":{"footnotes":""},"_links":{"self":[{"href":"https:\/\/www.waltz-fotos.de\/index.php?rest_route=\/wp\/v2\/pages\/10"}],"collection":[{"href":"https:\/\/www.waltz-fotos.de\/index.php?rest_route=\/wp\/v2\/pages"}],"about":[{"href":"https:\/\/www.waltz-fotos.de\/index.php?rest_route=\/wp\/v2\/types\/page"}],"author":[{"embeddable":true,"href":"https:\/\/www.waltz-fotos.de\/index.php?rest_route=\/wp\/v2\/users\/1"}],"replies":[{"embeddable":true,"href":"https:\/\/www.waltz-fotos.de\/index.php?rest_route=%2Fwp%2Fv2%2Fcomments&post=10"}],"version-history":[{"count":5,"href":"https:\/\/www.waltz-fotos.de\/index.php?rest_route=\/wp\/v2\/pages\/10\/revisions"}],"predecessor-version":[{"id":725,"href":"https:\/\/www.waltz-fotos.de\/index.php?rest_route=\/wp\/v2\/pages\/10\/revisions\/725"}],"wp:attachment":[{"href":"https:\/\/www.waltz-fotos.de\/index.php?rest_route=%2Fwp%2Fv2%2Fmedia&parent=10"}],"curies":[{"name":"wp","href":"https:\/\/api.w.org\/{rel}","templated":true}]}}